{"id":36,"date":"2026-03-04T11:31:09","date_gmt":"2026-03-04T11:31:09","guid":{"rendered":"https:\/\/www.lelo-zavarovanja.si\/?page_id=36"},"modified":"2026-03-16T13:37:42","modified_gmt":"2026-03-16T13:37:42","slug":"zavarovanje-vozil","status":"publish","type":"page","link":"https:\/\/www.lelo-zavarovanja.si\/index.php\/zavarovanje-vozil\/","title":{"rendered":"Zavarovanje vozil"},"content":{"rendered":"\t\t<div data-elementor-type=\"wp-page\" data-elementor-id=\"36\" class=\"elementor elementor-36\">\n\t\t\t\t<div class=\"elementor-element elementor-element-8e48fdb e-con-full e-flex e-con e-parent\" data-id=\"8e48fdb\" data-element_type=\"container\" data-e-type=\"container\">\n\t\t<div class=\"elementor-element elementor-element-75e6af7b e-con-full e-flex e-con e-child\" data-id=\"75e6af7b\" data-element_type=\"container\" data-e-type=\"container\">\n\t\t\t\t<div class=\"elementor-element elementor-element-697b17a4 elementor-widget elementor-widget-image\" data-id=\"697b17a4\" data-element_type=\"widget\" data-e-type=\"widget\" data-widget_type=\"image.default\">\n\t\t\t\t\t\t\t\t\t\t\t\t\t\t\t\t<a href=\"https:\/\/www.lelo-zavarovanja.si\/\">\n\t\t\t\t\t\t\t<img fetchpriority=\"high\" decoding=\"async\" width=\"800\" height=\"352\" src=\"https:\/\/www.lelo-zavarovanja.si\/wp-content\/uploads\/2026\/03\/Lelo_logo-1024x450.png\" class=\"attachment-large size-large wp-image-12\" alt=\"\" srcset=\"https:\/\/www.lelo-zavarovanja.si\/wp-content\/uploads\/2026\/03\/Lelo_logo-1024x450.png 1024w, https:\/\/www.lelo-zavarovanja.si\/wp-content\/uploads\/2026\/03\/Lelo_logo-300x132.png 300w, https:\/\/www.lelo-zavarovanja.si\/wp-content\/uploads\/2026\/03\/Lelo_logo-768x337.png 768w, https:\/\/www.lelo-zavarovanja.si\/wp-content\/uploads\/2026\/03\/Lelo_logo-1536x674.png 1536w, https:\/\/www.lelo-zavarovanja.si\/wp-content\/uploads\/2026\/03\/Lelo_logo.png 2032w\" sizes=\"(max-width: 800px) 100vw, 800px\" \/>\t\t\t\t\t\t\t\t<\/a>\n\t\t\t\t\t\t\t\t\t\t\t\t\t\t\t<\/div>\n\t\t\t\t<\/div>\n\t\t<div class=\"elementor-element elementor-element-52dcaeb3 e-con-full e-flex e-con e-child\" data-id=\"52dcaeb3\" data-element_type=\"container\" data-e-type=\"container\">\n\t\t\t\t<div class=\"elementor-element elementor-element-34eb68a8 eael_simple_menu_hamburger_disable_selected_menu_hide eael-simple-menu-hamburger-align-right eael-hamburger--tablet elementor-widget elementor-widget-eael-simple-menu\" data-id=\"34eb68a8\" data-element_type=\"widget\" data-e-type=\"widget\" data-widget_type=\"eael-simple-menu.default\">\n\t\t\t\t\t<style>\n                        @media screen and (max-width: 1024px) {\n                            .eael-hamburger--tablet {\n                                .eael-simple-menu-horizontal,\n                                .eael-simple-menu-vertical {\n                                    display: none;\n                                }\n                            }\n                            .eael-hamburger--tablet {\n                                .eael-simple-menu-container .eael-simple-menu-toggle {\n                                    display: block;\n                                }\n                            }\n                        }\n                    <\/style>            <div data-hamburger-icon=\"&lt;svg aria-hidden=&quot;true&quot; class=&quot;e-font-icon-svg e-fas-bars&quot; viewBox=&quot;0 0 448 512&quot; xmlns=&quot;http:\/\/www.w3.org\/2000\/svg&quot;&gt;&lt;path d=&quot;M16 132h416c8.837 0 16-7.163 16-16V76c0-8.837-7.163-16-16-16H16C7.163 60 0 67.163 0 76v40c0 8.837 7.163 16 16 16zm0 160h416c8.837 0 16-7.163 16-16v-40c0-8.837-7.163-16-16-16H16c-8.837 0-16 7.163-16 16v40c0 8.837 7.163 16 16 16zm0 160h416c8.837 0 16-7.163 16-16v-40c0-8.837-7.163-16-16-16H16c-8.837 0-16 7.163-16 16v40c0 8.837 7.163 16 16 16z&quot;&gt;&lt;\/path&gt;&lt;\/svg&gt;\" data-indicator-icon=\"&lt;svg aria-hidden=&quot;true&quot; class=&quot;e-font-icon-svg e-fas-angle-down&quot; viewBox=&quot;0 0 320 512&quot; xmlns=&quot;http:\/\/www.w3.org\/2000\/svg&quot;&gt;&lt;path d=&quot;M143 352.3L7 216.3c-9.4-9.4-9.4-24.6 0-33.9l22.6-22.6c9.4-9.4 24.6-9.4 33.9 0l96.4 96.4 96.4-96.4c9.4-9.4 24.6-9.4 33.9 0l22.6 22.6c9.4 9.4 9.4 24.6 0 33.9l-136 136c-9.2 9.4-24.4 9.4-33.8 0z&quot;&gt;&lt;\/path&gt;&lt;\/svg&gt;\" data-dropdown-indicator-icon=\"&lt;svg class=&quot;e-font-icon-svg e-fas-angle-down&quot; viewBox=&quot;0 0 320 512&quot; xmlns=&quot;http:\/\/www.w3.org\/2000\/svg&quot;&gt;&lt;path d=&quot;M143 352.3L7 216.3c-9.4-9.4-9.4-24.6 0-33.9l22.6-22.6c9.4-9.4 24.6-9.4 33.9 0l96.4 96.4 96.4-96.4c9.4-9.4 24.6-9.4 33.9 0l22.6 22.6c9.4 9.4 9.4 24.6 0 33.9l-136 136c-9.2 9.4-24.4 9.4-33.8 0z&quot;&gt;&lt;\/path&gt;&lt;\/svg&gt;\" class=\"eael-simple-menu-container eael-simple-menu-align-left eael-simple-menu--stretch eael-simple-menu-dropdown-align-left preset-1\" data-hamburger-breakpoints=\"{&quot;mobile&quot;:&quot;Mobile Portrait (&gt; 767px)&quot;,&quot;tablet&quot;:&quot;Tablet Portrait (&gt; 1024px)&quot;,&quot;desktop&quot;:&quot;Desktop (&gt; 2400px)&quot;,&quot;none&quot;:&quot;None&quot;}\" data-hamburger-device=\"tablet\">\n                <ul id=\"menu-osnovni-meni\" class=\"eael-simple-menu eael-simple-menu-dropdown-animate-fade eael-simple-menu-indicator eael-hamburger-right eael-simple-menu-horizontal\"><li id=\"menu-item-51\" class=\"menu-item menu-item-type-post_type menu-item-object-page menu-item-home menu-item-51\"><a href=\"https:\/\/www.lelo-zavarovanja.si\/\">Domov<\/a><\/li>\n<li id=\"menu-item-48\" class=\"menu-item menu-item-type-post_type menu-item-object-page menu-item-48\"><a href=\"https:\/\/www.lelo-zavarovanja.si\/index.php\/osebna-varnost\/\">Osebna varnost<\/a><\/li>\n<li id=\"menu-item-49\" class=\"menu-item menu-item-type-post_type menu-item-object-page menu-item-49\"><a href=\"https:\/\/www.lelo-zavarovanja.si\/index.php\/zascita-doma-in-premozenja\/\">Za\u0161\u010dita doma in premo\u017eenja<\/a><\/li>\n<li id=\"menu-item-47\" class=\"menu-item menu-item-type-post_type menu-item-object-page menu-item-47\"><a href=\"https:\/\/www.lelo-zavarovanja.si\/index.php\/poslovna-zascita\/\">Poslovna za\u0161\u010dita<\/a><\/li>\n<li id=\"menu-item-50\" class=\"menu-item menu-item-type-post_type menu-item-object-page menu-item-50\"><a href=\"https:\/\/www.lelo-zavarovanja.si\/index.php\/zavarovanje-vozil\/\">Zavarovanje vozil<\/a><\/li>\n<li id=\"menu-item-275\" class=\"menu-item menu-item-type-post_type menu-item-object-page menu-item-275\"><a href=\"https:\/\/www.lelo-zavarovanja.si\/index.php\/kontakt\/\">Kontakt<\/a><\/li>\n<\/ul>                <button class=\"eael-simple-menu-toggle\">\n                    <span class=\"sr-only \">Hamburger Toggle Menu<\/span>\n                    <svg aria-hidden=\"true\" class=\"e-font-icon-svg e-fas-bars\" viewBox=\"0 0 448 512\" xmlns=\"http:\/\/www.w3.org\/2000\/svg\"><path d=\"M16 132h416c8.837 0 16-7.163 16-16V76c0-8.837-7.163-16-16-16H16C7.163 60 0 67.163 0 76v40c0 8.837 7.163 16 16 16zm0 160h416c8.837 0 16-7.163 16-16v-40c0-8.837-7.163-16-16-16H16c-8.837 0-16 7.163-16 16v40c0 8.837 7.163 16 16 16zm0 160h416c8.837 0 16-7.163 16-16v-40c0-8.837-7.163-16-16-16H16c-8.837 0-16 7.163-16 16v40c0 8.837 7.163 16 16 16z\"><\/path><\/svg>                <\/button>\n            <\/div>\n            \t\t\t\t<\/div>\n\t\t\t\t<\/div>\n\t\t\t\t<\/div>\n\t\t<div class=\"elementor-element elementor-element-77d6c52a e-flex e-con-boxed e-con e-parent\" data-id=\"77d6c52a\" data-element_type=\"container\" data-e-type=\"container\" data-settings=\"{&quot;background_background&quot;:&quot;classic&quot;,&quot;shape_divider_bottom&quot;:&quot;tilt&quot;}\">\n\t\t\t\t\t<div class=\"e-con-inner\">\n\t\t\t\t<div class=\"elementor-shape elementor-shape-bottom\" aria-hidden=\"true\" data-negative=\"false\">\n\t\t\t<svg xmlns=\"http:\/\/www.w3.org\/2000\/svg\" viewBox=\"0 0 1000 100\" preserveAspectRatio=\"none\">\n\t<path class=\"elementor-shape-fill\" d=\"M0,6V0h1000v100L0,6z\"\/>\n<\/svg>\t\t<\/div>\n\t\t\t\t<div class=\"elementor-element elementor-element-6490f55a elementor-widget elementor-widget-text-editor\" data-id=\"6490f55a\" data-element_type=\"widget\" data-e-type=\"widget\" data-widget_type=\"text-editor.default\">\n\t\t\t\t\t\t\t\t\t<p><strong>Zavarovanje <\/strong>vozil<\/p>\t\t\t\t\t\t\t\t<\/div>\n\t\t\t\t<div class=\"elementor-element elementor-element-108c6add elementor-widget-divider--view-line elementor-widget elementor-widget-divider\" data-id=\"108c6add\" data-element_type=\"widget\" data-e-type=\"widget\" data-widget_type=\"divider.default\">\n\t\t\t\t\t\t\t<div class=\"elementor-divider\">\n\t\t\t<span class=\"elementor-divider-separator\">\n\t\t\t\t\t\t<\/span>\n\t\t<\/div>\n\t\t\t\t\t\t<\/div>\n\t\t\t\t<div class=\"elementor-element elementor-element-3a222813 elementor-widget elementor-widget-text-editor\" data-id=\"3a222813\" data-element_type=\"widget\" data-e-type=\"widget\" data-widget_type=\"text-editor.default\">\n\t\t\t\t\t\t\t\t\t<p data-start=\"174\" data-end=\"262\">Poskrbite za varno in brezskrbno vo\u017enjo z ustreznim zavarovanjem va\u0161ega vozila.<\/p>\t\t\t\t\t\t\t\t<\/div>\n\t\t\t\t\t<\/div>\n\t\t\t\t<\/div>\n\t\t<div class=\"elementor-element elementor-element-6856af4f e-flex e-con-boxed e-con e-parent\" data-id=\"6856af4f\" data-element_type=\"container\" data-e-type=\"container\">\n\t\t\t\t\t<div class=\"e-con-inner\">\n\t\t\t\t<div class=\"elementor-element elementor-element-3f1f3780 elementor-widget elementor-widget-text-editor\" data-id=\"3f1f3780\" data-element_type=\"widget\" data-e-type=\"widget\" data-widget_type=\"text-editor.default\">\n\t\t\t\t\t\t\t\t\t<p data-start=\"246\" data-end=\"454\">Zavarovanje vozil vam omogo\u010da za\u0161\u010dito pred finan\u010dnimi posledicami prometnih nesre\u010d, po\u0161kodb ali drugih nepredvidenih dogodkov. S pravilno izbranim zavarovanjem za\u0161\u010ditite sebe, svoje sopotnike in svoje vozilo.<\/p><p data-start=\"456\" data-end=\"569\">Pomagamo vam izbrati zavarovanje, ki ustreza va\u0161im potrebam in na\u010dinu vo\u017enje ter vam zagotavlja varnost na cesti.<\/p><p data-start=\"399\" data-end=\"593\"><strong>Kaj lahko vklju\u010duje avtomobilsko zavarovanje: <\/strong>avtomobilsko zavarovanje, kasko zavarovanje, zavarovanje voznika in potnikov, dodatna kritja in asistenco<\/p>\t\t\t\t\t\t\t\t<\/div>\n\t\t\t\t\t<\/div>\n\t\t\t\t<\/div>\n\t\t<div class=\"elementor-element elementor-element-34cd2ae2 e-flex e-con-boxed e-con e-parent\" data-id=\"34cd2ae2\" data-element_type=\"container\" data-e-type=\"container\" data-settings=\"{&quot;background_background&quot;:&quot;classic&quot;,&quot;shape_divider_top&quot;:&quot;tilt&quot;}\">\n\t\t\t\t\t<div class=\"e-con-inner\">\n\t\t\t\t<div class=\"elementor-shape elementor-shape-top\" aria-hidden=\"true\" data-negative=\"false\">\n\t\t\t<svg xmlns=\"http:\/\/www.w3.org\/2000\/svg\" viewBox=\"0 0 1000 100\" preserveAspectRatio=\"none\">\n\t<path class=\"elementor-shape-fill\" d=\"M0,6V0h1000v100L0,6z\"\/>\n<\/svg>\t\t<\/div>\n\t\t\t\t<div class=\"elementor-element elementor-element-3973352c elementor-widget elementor-widget-heading\" data-id=\"3973352c\" data-element_type=\"widget\" data-e-type=\"widget\" data-widget_type=\"heading.default\">\n\t\t\t\t\t<h2 class=\"elementor-heading-title elementor-size-default\">Potrebujete nasvet?<\/h2>\t\t\t\t<\/div>\n\t\t\t\t<div class=\"elementor-element elementor-element-2efbbe22 elementor-widget elementor-widget-text-editor\" data-id=\"2efbbe22\" data-element_type=\"widget\" data-e-type=\"widget\" data-widget_type=\"text-editor.default\">\n\t\t\t\t\t\t\t\t\t<p>\u010ce \u017eelite izvedeti ve\u010d o mo\u017enostih osebnega zavarovanja ali pridobiti ponudbo, nas kontaktirajte. Z veseljem vam pomagamo izbrati re\u0161itev, ki najbolje ustreza va\u0161im potrebam.<\/p>\t\t\t\t\t\t\t\t<\/div>\n\t\t\t\t<div class=\"elementor-element elementor-element-a038199 elementor-align-center elementor-widget elementor-widget-button\" data-id=\"a038199\" data-element_type=\"widget\" data-e-type=\"widget\" data-widget_type=\"button.default\">\n\t\t\t\t\t\t\t\t\t\t<a class=\"elementor-button elementor-button-link elementor-size-sm elementor-animation-grow\" href=\"https:\/\/www.lelo-zavarovanja.si\/index.php\/kontakt\/\">\n\t\t\t\t\t\t<span class=\"elementor-button-content-wrapper\">\n\t\t\t\t\t\t\t\t\t<span class=\"elementor-button-text\">Kontaktirajte nas<\/span>\n\t\t\t\t\t<\/span>\n\t\t\t\t\t<\/a>\n\t\t\t\t\t\t\t\t<\/div>\n\t\t\t\t\t<\/div>\n\t\t\t\t<\/div>\n\t\t<div class=\"elementor-element elementor-element-2bbe319c e-flex e-con-boxed e-con e-parent\" data-id=\"2bbe319c\" data-element_type=\"container\" data-e-type=\"container\" data-settings=\"{&quot;background_background&quot;:&quot;classic&quot;}\">\n\t\t\t\t\t<div class=\"e-con-inner\">\n\t\t<div class=\"elementor-element elementor-element-2829edbc e-con-full e-flex e-con e-child\" data-id=\"2829edbc\" data-element_type=\"container\" data-e-type=\"container\">\n\t\t<div class=\"elementor-element elementor-element-640d8a21 e-con-full e-flex e-con e-child\" data-id=\"640d8a21\" data-element_type=\"container\" data-e-type=\"container\">\n\t\t\t\t<div class=\"elementor-element elementor-element-6ac04b6e elementor-widget elementor-widget-image\" data-id=\"6ac04b6e\" data-element_type=\"widget\" data-e-type=\"widget\" data-widget_type=\"image.default\">\n\t\t\t\t\t\t\t\t\t\t\t\t\t\t\t\t<a href=\"https:\/\/wpmet.com\/plugin\/elementskit\/sports\/\">\n\t\t\t\t\t\t\t<img fetchpriority=\"high\" decoding=\"async\" width=\"800\" height=\"352\" src=\"https:\/\/www.lelo-zavarovanja.si\/wp-content\/uploads\/2026\/03\/Lelo_logo-1024x450.png\" class=\"attachment-large size-large wp-image-12\" alt=\"\" srcset=\"https:\/\/www.lelo-zavarovanja.si\/wp-content\/uploads\/2026\/03\/Lelo_logo-1024x450.png 1024w, https:\/\/www.lelo-zavarovanja.si\/wp-content\/uploads\/2026\/03\/Lelo_logo-300x132.png 300w, https:\/\/www.lelo-zavarovanja.si\/wp-content\/uploads\/2026\/03\/Lelo_logo-768x337.png 768w, https:\/\/www.lelo-zavarovanja.si\/wp-content\/uploads\/2026\/03\/Lelo_logo-1536x674.png 1536w, https:\/\/www.lelo-zavarovanja.si\/wp-content\/uploads\/2026\/03\/Lelo_logo.png 2032w\" sizes=\"(max-width: 800px) 100vw, 800px\" \/>\t\t\t\t\t\t\t\t<\/a>\n\t\t\t\t\t\t\t\t\t\t\t\t\t\t\t<\/div>\n\t\t\t\t<div class=\"elementor-element elementor-element-6df46477 elementor-widget elementor-widget-elementskit-heading\" data-id=\"6df46477\" data-element_type=\"widget\" data-e-type=\"widget\" data-widget_type=\"elementskit-heading.default\">\n\t\t\t\t\t<div class=\"ekit-wid-con\" ><div class=\"ekit-heading elementskit-section-title-wraper text_left   ekit_heading_tablet-   ekit_heading_mobile-\">\t\t\t\t<div class='ekit-heading__description'>\n\t\t\t\t\t<p>Pomagamo vam izbrati zavarovalne re\u0161itve, ki zagotavljajo varnost za vas, va\u0161o dru\u017eino in va\u0161e poslovanje.<\/p>\n\t\t\t\t<\/div>\n\t\t\t<\/div><\/div>\t\t\t\t<\/div>\n\t\t\t\t<div class=\"elementor-element elementor-element-1540eff4 ekit-equal-height-disable elementor-widget elementor-widget-elementskit-icon-box\" data-id=\"1540eff4\" data-element_type=\"widget\" data-e-type=\"widget\" data-widget_type=\"elementskit-icon-box.default\">\n\t\t\t\t\t<div class=\"ekit-wid-con\" >        <!-- link opening -->\n                <!-- end link opening -->\n\n        <div class=\"elementskit-infobox text-left text-left icon-lef-right-aligin elementor-animation- media  \">\n                    <div class=\"elementskit-box-header elementor-animation-\">\n                <div class=\"elementskit-info-box-icon  text-center\">\n                    <svg aria-hidden=\"true\" class=\"elementkit-infobox-icon e-font-icon-svg e-fas-map-marker-alt\" viewBox=\"0 0 384 512\" xmlns=\"http:\/\/www.w3.org\/2000\/svg\"><path d=\"M172.268 501.67C26.97 291.031 0 269.413 0 192 0 85.961 85.961 0 192 0s192 85.961 192 192c0 77.413-26.97 99.031-172.268 309.67-9.535 13.774-29.93 13.773-39.464 0zM192 272c44.183 0 80-35.817 80-80s-35.817-80-80-80-80 35.817-80 80 35.817 80 80 80z\"><\/path><\/svg>\n                <\/div>\n          <\/div>\n                        <div class=\"box-body\">\n                        \t\t  \t<p>Me\u0161kova ulica 12, 2380 Slovenj Gradec<\/p>\n                                <\/div>\n        \n        \n                <\/div>\n        <\/div>\t\t\t\t<\/div>\n\t\t\t\t<div class=\"elementor-element elementor-element-72624734 ekit-equal-height-disable elementor-widget elementor-widget-elementskit-icon-box\" data-id=\"72624734\" data-element_type=\"widget\" data-e-type=\"widget\" data-widget_type=\"elementskit-icon-box.default\">\n\t\t\t\t\t<div class=\"ekit-wid-con\" >        <!-- link opening -->\n                <!-- end link opening -->\n\n        <div class=\"elementskit-infobox text-left text-left icon-lef-right-aligin elementor-animation- media  \">\n                    <div class=\"elementskit-box-header elementor-animation-\">\n                <div class=\"elementskit-info-box-icon  text-center\">\n                    <svg aria-hidden=\"true\" class=\"elementkit-infobox-icon e-font-icon-svg e-fas-phone-alt\" viewBox=\"0 0 512 512\" xmlns=\"http:\/\/www.w3.org\/2000\/svg\"><path d=\"M497.39 361.8l-112-48a24 24 0 0 0-28 6.9l-49.6 60.6A370.66 370.66 0 0 1 130.6 204.11l60.6-49.6a23.94 23.94 0 0 0 6.9-28l-48-112A24.16 24.16 0 0 0 122.6.61l-104 24A24 24 0 0 0 0 48c0 256.5 207.9 464 464 464a24 24 0 0 0 23.4-18.6l24-104a24.29 24.29 0 0 0-14.01-27.6z\"><\/path><\/svg>\n                <\/div>\n          <\/div>\n                        <div class=\"box-body\">\n                        \t\t  \t<p>+ 386 40 213 031<\/p>\n                                <\/div>\n        \n        \n                <\/div>\n        <\/div>\t\t\t\t<\/div>\n\t\t\t\t<\/div>\n\t\t<div class=\"elementor-element elementor-element-70d55c09 e-con-full e-flex e-con e-child\" data-id=\"70d55c09\" data-element_type=\"container\" data-e-type=\"container\">\n\t\t\t\t<div class=\"elementor-element elementor-element-688c5ad4 elementor-widget elementor-widget-elementskit-heading\" data-id=\"688c5ad4\" data-element_type=\"widget\" data-e-type=\"widget\" data-widget_type=\"elementskit-heading.default\">\n\t\t\t\t\t<div class=\"ekit-wid-con\" ><div class=\"ekit-heading elementskit-section-title-wraper text_left   ekit_heading_tablet-   ekit_heading_mobile-\"><h3 class=\"ekit-heading--title elementskit-section-title \">Sklopi<\/h3><\/div><\/div>\t\t\t\t<\/div>\n\t\t\t\t<div class=\"elementor-element elementor-element-62bb1339 elementor-icon-list--layout-traditional elementor-list-item-link-full_width elementor-widget elementor-widget-icon-list\" data-id=\"62bb1339\" data-element_type=\"widget\" data-e-type=\"widget\" data-widget_type=\"icon-list.default\">\n\t\t\t\t\t\t\t<ul class=\"elementor-icon-list-items\">\n\t\t\t\t\t\t\t<li class=\"elementor-icon-list-item\">\n\t\t\t\t\t\t\t\t\t\t\t<a href=\"#\">\n\n\t\t\t\t\t\t\t\t\t\t\t<span class=\"elementor-icon-list-text\">Osebna varnost <\/span>\n\t\t\t\t\t\t\t\t\t\t\t<\/a>\n\t\t\t\t\t\t\t\t\t<\/li>\n\t\t\t\t\t\t\t\t<li class=\"elementor-icon-list-item\">\n\t\t\t\t\t\t\t\t\t\t\t<a href=\"#\">\n\n\t\t\t\t\t\t\t\t\t\t\t<span class=\"elementor-icon-list-text\">Za\u0161\u010dita doma in premo\u017eenja <\/span>\n\t\t\t\t\t\t\t\t\t\t\t<\/a>\n\t\t\t\t\t\t\t\t\t<\/li>\n\t\t\t\t\t\t\t\t<li class=\"elementor-icon-list-item\">\n\t\t\t\t\t\t\t\t\t\t\t<a href=\"#\">\n\n\t\t\t\t\t\t\t\t\t\t\t<span class=\"elementor-icon-list-text\">Poslovna za\u0161\u010dita<\/span>\n\t\t\t\t\t\t\t\t\t\t\t<\/a>\n\t\t\t\t\t\t\t\t\t<\/li>\n\t\t\t\t\t\t\t\t<li class=\"elementor-icon-list-item\">\n\t\t\t\t\t\t\t\t\t\t\t<a href=\"#\">\n\n\t\t\t\t\t\t\t\t\t\t\t<span class=\"elementor-icon-list-text\">Zavarovanje vozil <\/span>\n\t\t\t\t\t\t\t\t\t\t\t<\/a>\n\t\t\t\t\t\t\t\t\t<\/li>\n\t\t\t\t\t\t\t\t<li class=\"elementor-icon-list-item\">\n\t\t\t\t\t\t\t\t\t\t\t<a href=\"#\">\n\n\t\t\t\t\t\t\t\t\t\t\t<span class=\"elementor-icon-list-text\">Kontakt<\/span>\n\t\t\t\t\t\t\t\t\t\t\t<\/a>\n\t\t\t\t\t\t\t\t\t<\/li>\n\t\t\t\t\t\t<\/ul>\n\t\t\t\t\t\t<\/div>\n\t\t\t\t<\/div>\n\t\t<div class=\"elementor-element elementor-element-31b70622 e-con-full e-flex e-con e-child\" data-id=\"31b70622\" data-element_type=\"container\" data-e-type=\"container\">\n\t\t\t\t<div class=\"elementor-element elementor-element-6f221998 elementor-widget elementor-widget-elementskit-heading\" data-id=\"6f221998\" data-element_type=\"widget\" data-e-type=\"widget\" data-widget_type=\"elementskit-heading.default\">\n\t\t\t\t\t<div class=\"ekit-wid-con\" ><div class=\"ekit-heading elementskit-section-title-wraper text_left   ekit_heading_tablet-   ekit_heading_mobile-\"><h3 class=\"ekit-heading--title elementskit-section-title \">Konktiraj nas <\/h3><\/div><\/div>\t\t\t\t<\/div>\n\t\t\t\t<div class=\"elementor-element elementor-element-7caed683 elementor-widget elementor-widget-elementskit-heading\" data-id=\"7caed683\" data-element_type=\"widget\" data-e-type=\"widget\" data-widget_type=\"elementskit-heading.default\">\n\t\t\t\t\t<div class=\"ekit-wid-con\" ><div class=\"ekit-heading elementskit-section-title-wraper text_left   ekit_heading_tablet-   ekit_heading_mobile-\">\t\t\t\t<div class='ekit-heading__description'>\n\t\t\t\t\t<p>Potrebujete nasvet ali ponudbo? Kontaktirajte nas in z veseljem vam bomo pomagali.<\/p>\n\t\t\t\t<\/div>\n\t\t\t<\/div><\/div>\t\t\t\t<\/div>\n\t\t\t\t<div class=\"elementor-element elementor-element-78b8854a elementor-align-left elementor-widget elementor-widget-button\" data-id=\"78b8854a\" data-element_type=\"widget\" data-e-type=\"widget\" data-widget_type=\"button.default\">\n\t\t\t\t\t\t\t\t\t\t<a class=\"elementor-button elementor-button-link elementor-size-sm elementor-animation-grow\" href=\"https:\/\/www.lelo-zavarovanja.si\/index.php\/kontakt\/\">\n\t\t\t\t\t\t<span class=\"elementor-button-content-wrapper\">\n\t\t\t\t\t\t\t\t\t<span class=\"elementor-button-text\">Kontakt<\/span>\n\t\t\t\t\t<\/span>\n\t\t\t\t\t<\/a>\n\t\t\t\t\t\t\t\t<\/div>\n\t\t\t\t<\/div>\n\t\t\t\t<\/div>\n\t\t\t\t\t<\/div>\n\t\t\t\t<\/div>\n\t\t<div class=\"elementor-element elementor-element-129d81f e-flex e-con-boxed e-con e-parent\" data-id=\"129d81f\" data-element_type=\"container\" data-e-type=\"container\" data-settings=\"{&quot;background_background&quot;:&quot;classic&quot;}\">\n\t\t\t\t\t<div class=\"e-con-inner\">\n\t\t<div class=\"elementor-element elementor-element-212926e5 e-con-full e-flex e-con e-child\" data-id=\"212926e5\" data-element_type=\"container\" data-e-type=\"container\">\n\t\t\t\t<div class=\"elementor-element elementor-element-5a732ebd elementor-widget elementor-widget-elementskit-heading\" data-id=\"5a732ebd\" data-element_type=\"widget\" data-e-type=\"widget\" data-widget_type=\"elementskit-heading.default\">\n\t\t\t\t\t<div class=\"ekit-wid-con\" ><div class=\"ekit-heading elementskit-section-title-wraper text_center   ekit_heading_tablet-   ekit_heading_mobile-text_center\"><p class=\"ekit-heading--title elementskit-section-title \">Copyright \u00a9 2026 <span><span>Lelo zavarovalna agencija<\/span><\/span>. Vse pravice so pridr\u017eane.<\/p><\/div><\/div>\t\t\t\t<\/div>\n\t\t\t\t<\/div>\n\t\t\t\t\t<\/div>\n\t\t\t\t<\/div>\n\t\t\t\t<\/div>\n\t\t","protected":false},"excerpt":{"rendered":"<p>Domov Osebna varnost Za\u0161\u010dita doma in premo\u017eenja Poslovna za\u0161\u010dita Zavarovanje vozil Kontakt Hamburger Toggle Menu Zavarovanje vozil Poskrbite za varno in brezskrbno vo\u017enjo z ustreznim zavarovanjem va\u0161ega vozila. Zavarovanje vozil vam omogo\u010da za\u0161\u010dito pred finan\u010dnimi posledicami prometnih nesre\u010d, po\u0161kodb ali drugih nepredvidenih dogodkov. S pravilno izbranim zavarovanjem za\u0161\u010ditite sebe, svoje sopotnike in svoje vozilo. Pomagamo [&hellip;]<\/p>\n","protected":false},"author":1,"featured_media":0,"parent":0,"menu_order":0,"comment_status":"closed","ping_status":"closed","template":"elementor_canvas","meta":{"footnotes":""},"class_list":["post-36","page","type-page","status-publish","hentry"],"_links":{"self":[{"href":"https:\/\/www.lelo-zavarovanja.si\/index.php\/wp-json\/wp\/v2\/pages\/36","targetHints":{"allow":["GET"]}}],"collection":[{"href":"https:\/\/www.lelo-zavarovanja.si\/index.php\/wp-json\/wp\/v2\/pages"}],"about":[{"href":"https:\/\/www.lelo-zavarovanja.si\/index.php\/wp-json\/wp\/v2\/types\/page"}],"author":[{"embeddable":true,"href":"https:\/\/www.lelo-zavarovanja.si\/index.php\/wp-json\/wp\/v2\/users\/1"}],"replies":[{"embeddable":true,"href":"https:\/\/www.lelo-zavarovanja.si\/index.php\/wp-json\/wp\/v2\/comments?post=36"}],"version-history":[{"count":16,"href":"https:\/\/www.lelo-zavarovanja.si\/index.php\/wp-json\/wp\/v2\/pages\/36\/revisions"}],"predecessor-version":[{"id":355,"href":"https:\/\/www.lelo-zavarovanja.si\/index.php\/wp-json\/wp\/v2\/pages\/36\/revisions\/355"}],"wp:attachment":[{"href":"https:\/\/www.lelo-zavarovanja.si\/index.php\/wp-json\/wp\/v2\/media?parent=36"}],"curies":[{"name":"wp","href":"https:\/\/api.w.org\/{rel}","templated":true}]}}